{"id":2,"date":"2023-10-29T15:06:54","date_gmt":"2023-10-29T18:06:54","guid":{"rendered":"http:\/\/seoplace.com.br\/?page_id=2"},"modified":"2023-10-31T17:41:12","modified_gmt":"2023-10-31T20:41:12","slug":"pagina-exemplo","status":"publish","type":"page","link":"https:\/\/seoplace.com.br\/","title":{"rendered":"SEOplace"},"content":{"rendered":"\n<p class=\"has-medium-font-size\">A <strong>SEOplace<\/strong> \u00e9 uma empresa que oferece servi\u00e7os de marketing digital para neg\u00f3cios locais, como:<\/p>\n\n\n\n<ul class=\"wp-block-list\">\n<li><a href=\"https:\/\/sites.google.com\/view\/seoplace-br\/inicio\" target=\"_blank\" rel=\"noreferrer noopener\">Gest\u00e3o de Google Meu Neg\u00f3cio: um servi\u00e7o que ajuda a criar e otimizar o perfil do seu neg\u00f3cio no Google, aumentando a sua visibilidade e atra\u00e7\u00e3o de clientes na sua regi\u00e3o<\/a>.<\/li>\n\n\n\n<li><a href=\"https:\/\/blog.duda.co\/pt-br\/servicos-de-marketing-digital\" target=\"_blank\" rel=\"noreferrer noopener\">Cria\u00e7\u00e3o de sites: um servi\u00e7o que desenvolve sites r\u00e1pidos, responsivos, seguros e otimizados para os mecanismos de busca, com design moderno e conte\u00fado relevante<\/a>.<\/li>\n\n\n\n<li><a href=\"https:\/\/www.hostinger.com.br\/tutoriais\/sites-de-freelancer\" target=\"_blank\" rel=\"noreferrer noopener\">Tr\u00e1fego pago: um servi\u00e7o que planeja, cria e gerencia campanhas de an\u00fancios online em plataformas como Google Ads, Facebook Ads, Instagram Ads, etc., com foco em convers\u00e3o e retorno sobre o investimento<\/a>.<\/li>\n\n\n\n<li><a href=\"https:\/\/blog.duda.co\/pt-br\/servicos-de-marketing-digital\" target=\"_blank\" rel=\"noreferrer noopener\">Gest\u00e3o de marketing digital: um servi\u00e7o que elabora e executa estrat\u00e9gias de marketing digital integradas, usando ferramentas como inbound marketing, SEO, e-mail marketing, redes sociais, etc., com o objetivo de gerar mais leads, vendas e fideliza\u00e7\u00e3o<\/a>.<\/li>\n\n\n\n<li><a href=\"https:\/\/sites.google.com\/view\/seoplace-br\/inicio\" target=\"_blank\" rel=\"noreferrer noopener\">Geo posicionamento local: um servi\u00e7o que usa t\u00e9cnicas avan\u00e7adas de SEO local para posicionar o seu site nas primeiras posi\u00e7\u00f5es dos resultados locais do Google, aumentando a sua relev\u00e2ncia e autoridade na sua \u00e1rea de atua\u00e7\u00e3o<\/a>.<\/li>\n<\/ul>\n\n\n\n<p>Esses s\u00e3o os servi\u00e7os que a SEOplace oferece. <\/p>\n\n\n\n<p>Se voc\u00ea quiser saber mais \u00e9 s\u00f3 fazer contato. \ud83d\ude0a<\/p>\n","protected":false},"excerpt":{"rendered":"<p>A SEOplace \u00e9 uma empresa que oferece servi\u00e7os de marketing digital para neg\u00f3cios locais, como: Esses s\u00e3o os servi\u00e7os que a SEOplace oferece. Se voc\u00ea&hellip;<\/p>\n","protected":false},"author":1,"featured_media":0,"parent":0,"menu_order":0,"comment_status":"closed","ping_status":"open","template":"","meta":{"footnotes":""},"class_list":["post-2","page","type-page","status-publish","hentry"],"aioseo_notices":[],"_links":{"self":[{"href":"https:\/\/seoplace.com.br\/index.php?rest_route=\/wp\/v2\/pages\/2","targetHints":{"allow":["GET"]}}],"collection":[{"href":"https:\/\/seoplace.com.br\/index.php?rest_route=\/wp\/v2\/pages"}],"about":[{"href":"https:\/\/seoplace.com.br\/index.php?rest_route=\/wp\/v2\/types\/page"}],"author":[{"embeddable":true,"href":"https:\/\/seoplace.com.br\/index.php?rest_route=\/wp\/v2\/users\/1"}],"replies":[{"embeddable":true,"href":"https:\/\/seoplace.com.br\/index.php?rest_route=%2Fwp%2Fv2%2Fcomments&post=2"}],"version-history":[{"count":4,"href":"https:\/\/seoplace.com.br\/index.php?rest_route=\/wp\/v2\/pages\/2\/revisions"}],"predecessor-version":[{"id":49,"href":"https:\/\/seoplace.com.br\/index.php?rest_route=\/wp\/v2\/pages\/2\/revisions\/49"}],"wp:attachment":[{"href":"https:\/\/seoplace.com.br\/index.php?rest_route=%2Fwp%2Fv2%2Fmedia&parent=2"}],"curies":[{"name":"wp","href":"https:\/\/api.w.org\/{rel}","templated":true}]}}